{"id":167,"date":"2017-11-05T16:57:26","date_gmt":"2017-11-05T21:57:26","guid":{"rendered":"http:\/\/www.daho.one\/?page_id=167"},"modified":"2025-03-21T03:07:45","modified_gmt":"2025-03-21T07:07:45","slug":"geographie","status":"publish","type":"page","link":"https:\/\/daho.one\/?page_id=167","title":{"rendered":"G\u00e9ographie"},"content":{"rendered":"<p><strong>Ha\u00efti<\/strong> : Vodou\/Vaudou &#8211; si\u00e8ge du Daho Vaudou \u00c9ternel (Pierre L\u00e9onard Joseph)<\/p>\n<p><strong>Indes<\/strong> :<\/p>\n<p><strong>Br\u00e9sil<\/strong> : Santeria<\/p>\n<p><strong>B\u00e9nin<\/strong> : Vodoun\/Vaudou (Prince Hou\u00e8zbossou Mitohou\u00e9, prince du soleil levant)<\/p>\n<p><strong>Birmanie <\/strong>:<\/p>\n<p><strong>Bukina Faso<\/strong> :<\/p>\n<p><strong>Canada QC<\/strong> : si\u00e8ge officiel du Daho Vaudou \u00c9ternel\u00a0 ; Prince Hou\u00e8zbossou Mitohou\u00e9 (Pierre L\u00e9onard Joseph)<\/p>\n<p><strong>Congo RD<\/strong> :<\/p>\n<p><strong>C\u00f4te d&rsquo;Ivoire <\/strong>:<\/p>\n<p><strong>\u00c9quateur <\/strong>:<\/p>\n<p><strong>\u00c9thiopie<\/strong> :<\/p>\n<p><strong>Martinique-Guadeloupe (France)<\/strong> :<\/p>\n<p><strong>Cuba <\/strong>:<\/p>\n<p><strong>Ghana <\/strong>:<\/p>\n<p><strong>Guin\u00e9e Papouasie <\/strong>:<\/p>\n<p><strong>Jama\u00efque<\/strong> :<\/p>\n<p><strong>Mexique<\/strong> :<\/p>\n<p><strong>Salvador<\/strong> : Candombl\u00e9<\/p>\n<p><strong>S\u00e9n\u00e9gal<\/strong> :<\/p>\n<p><strong>Tchad<\/strong> :<\/p>\n<p><strong>Tha\u00eflande <\/strong>:<\/p>\n<p><strong>Togo <\/strong>:<\/p>\n<p><strong>USA <\/strong>: Voodoo<\/p>\n<hr \/>\n<p style=\"text-align: center;\">\n<!-- iframe plugin v.6.0 wordpress.org\/plugins\/iframe\/ -->\n<iframe src=\"http:\/\/nou-kaab-com\" width height frameborder=\"1\" scrolling=\"auto\" class=\"iframe-class\"><\/iframe>\n\n","protected":false},"excerpt":{"rendered":"<p>Ha\u00efti : Vodou\/Vaudou &#8211; si\u00e8ge du Daho Vaudou \u00c9ternel (Pierre L\u00e9onard Joseph) Indes : Br\u00e9sil : Santeria B\u00e9nin : Vodoun\/Vaudou (Prince Hou\u00e8zbossou Mitohou\u00e9, prince du soleil levant) Birmanie : Bukina Faso : Canada QC : si\u00e8ge officiel du Daho Vaudou&#8230; <\/p>\n","protected":false},"author":1,"featured_media":115,"parent":0,"menu_order":0,"comment_status":"closed","ping_status":"closed","template":"","meta":{"footnotes":""},"class_list":["post-167","page","type-page","status-publish","has-post-thumbnail","hentry"],"_links":{"self":[{"href":"https:\/\/daho.one\/index.php?rest_route=\/wp\/v2\/pages\/167","targetHints":{"allow":["GET"]}}],"collection":[{"href":"https:\/\/daho.one\/index.php?rest_route=\/wp\/v2\/pages"}],"about":[{"href":"https:\/\/daho.one\/index.php?rest_route=\/wp\/v2\/types\/page"}],"author":[{"embeddable":true,"href":"https:\/\/daho.one\/index.php?rest_route=\/wp\/v2\/users\/1"}],"replies":[{"embeddable":true,"href":"https:\/\/daho.one\/index.php?rest_route=%2Fwp%2Fv2%2Fcomments&post=167"}],"version-history":[{"count":3,"href":"https:\/\/daho.one\/index.php?rest_route=\/wp\/v2\/pages\/167\/revisions"}],"predecessor-version":[{"id":471,"href":"https:\/\/daho.one\/index.php?rest_route=\/wp\/v2\/pages\/167\/revisions\/471"}],"wp:featuredmedia":[{"embeddable":true,"href":"https:\/\/daho.one\/index.php?rest_route=\/wp\/v2\/media\/115"}],"wp:attachment":[{"href":"https:\/\/daho.one\/index.php?rest_route=%2Fwp%2Fv2%2Fmedia&parent=167"}],"curies":[{"name":"wp","href":"https:\/\/api.w.org\/{rel}","templated":true}]}}