{"id":165,"date":"2017-11-05T16:54:30","date_gmt":"2017-11-05T21:54:30","guid":{"rendered":"http:\/\/www.daho.one\/?page_id=165"},"modified":"2017-11-05T16:54:30","modified_gmt":"2017-11-05T21:54:30","slug":"reference","status":"publish","type":"page","link":"https:\/\/daho.one\/?page_id=165","title":{"rendered":"R\u00e9f\u00e9rence"},"content":{"rendered":"<p><strong>\u00c9ducation<\/strong><\/p>\n<ul>\n<li>Religion\n<ul>\n<li><a href=\"http:\/\/classiques.uqac.ca\/contemporains\/regulus_samuel\/transmission_pretrise_vodou\/transmission_pretrise_vodou_intro.html\">http:\/\/classiques.uqac.ca\/contemporains\/regulus_samuel\/transmission_pretrise_vodou\/transmission_pretrise_vodou_intro.html<\/a><\/li>\n<\/ul>\n<\/li>\n<\/ul>\n<p><strong>M\u00e9dia<\/strong><\/p>\n<ul>\n<li>Vaudou et psychiatrie en Ha\u00efti&#8230; <em>d\u00e9bats<\/em>\n<ul>\n<li><a href=\"http:\/\/lenouvelliste.com\/article\/178812\/vaudou-et-psychiatrie-en-haiti-une-question-qui-suscite-beaucoup-de-debats\">http:\/\/lenouvelliste.com\/article\/178812\/vaudou-et-psychiatrie-en-haiti-une-question-qui-suscite-beaucoup-de-debats<\/a><\/li>\n<\/ul>\n<\/li>\n<\/ul>\n<p><strong>Ouvrages<\/strong><\/p>\n<ul>\n<li>Le Vaudou dans l&rsquo;arc-en-ciel des religions (2012)\n<ul>\n<li>Michael-Ange Momplaisir (\u00c9diteur : Michel Nemours Communications) Montr\u00e9al<\/li>\n<\/ul>\n<\/li>\n<li>DAHO &#8211; l&rsquo;enseignement sacr\u00e9 des enfants du soleil (2015)\n<ul>\n<li>Joseph Pierre L\u00e9onard (USA)<\/li>\n<\/ul>\n<\/li>\n<\/ul>\n<p><strong>Musique<\/strong><\/p>\n<ul>\n<li><strong>Py\u00e9 aleman lemiso batala <\/strong>(Exog\u00e8ne)\n<ul>\n<li><a href=\"https:\/\/www.youtube.com\/watch?v=tCZV4bMJD7k&amp;list=RDtCZV4bMJD7k&amp;t=130\">Baldwin Wallace University Men&rsquo;s Chorus. Frank Bianchi, Director. From our Fall Concert. October 26th , 2013<\/a>\n<ul>\n<li><a href=\"https:\/\/www.youtube.com\/watch?v=tCZV4bMJD7k\">Py\u00e8 aleman lemiso batala<\/a><\/li>\n<\/ul>\n<\/li>\n<li><a href=\"https:\/\/www.youtube.com\/watch?v=cIuDYwFP_NI\">Miami University Glee Club<\/a><\/li>\n<li><a href=\"https:\/\/www.youtube.com\/watch?v=66dktkdnfzQ\">Harmonium Choral Society<\/a><\/li>\n<li><a href=\"https:\/\/www.youtube.com\/watch?v=WQZjP-n33RE\">2014 KSU Men&rsquo;s Chorus Day<\/a><\/li>\n<li><a href=\"https:\/\/www.youtube.com\/watch?v=NSt0b_bI77s\">Riva Precil Vocal<\/a><\/li>\n<li><a href=\"https:\/\/www.youtube.com\/watch?v=TV8UI9-F8oY\">Greeneville High School Advanced Men&rsquo;s Chorus<\/a><\/li>\n<li><a href=\"https:\/\/www.youtube.com\/watch?v=ErWcdRctzzs\">Liverpool a Sampler<\/a><\/li>\n<li><a href=\"https:\/\/www.youtube.com\/watch?v=2Bg1gdrR6rE\">Slavery Remembrance Day<\/a><\/li>\n<li><a href=\"https:\/\/www.youtube.com\/watch?v=KnSk2P15QEA\">Nantes au Festival &lsquo;La Baule en Fanfare&rsquo;. France<\/a><\/li>\n<\/ul>\n<\/li>\n<li><strong>Py\u00e9 aleman lemiso batala <\/strong>(Endog\u00e8ne)\n<ul>\n<li><a href=\"https:\/\/www.youtube.com\/watch?v=gV5r80TsA1k\">Gifrantz<\/a><\/li>\n<li><a href=\"https:\/\/www.youtube.com\/watch?v=oqDj1fy5Li4\">Toto<\/a><\/li>\n<li><a href=\"https:\/\/www.youtube.com\/watch?v=nJiz0dSXSa8\">Kreyol Roots Deploke at HAMOC<\/a><\/li>\n<\/ul>\n<\/li>\n<\/ul>\n","protected":false},"excerpt":{"rendered":"<p>\u00c9ducation Religion http:\/\/classiques.uqac.ca\/contemporains\/regulus_samuel\/transmission_pretrise_vodou\/transmission_pretrise_vodou_intro.html M\u00e9dia Vaudou et psychiatrie en Ha\u00efti&#8230; d\u00e9bats http:\/\/lenouvelliste.com\/article\/178812\/vaudou-et-psychiatrie-en-haiti-une-question-qui-suscite-beaucoup-de-debats Ouvrages Le Vaudou dans l&rsquo;arc-en-ciel des religions (2012) Michael-Ange Momplaisir (\u00c9diteur : Michel Nemours Communications) Montr\u00e9al DAHO &#8211; l&rsquo;enseignement sacr\u00e9 des enfants du soleil (2015) Joseph Pierre L\u00e9onard (USA)&#8230; <\/p>\n","protected":false},"author":1,"featured_media":115,"parent":257,"menu_order":0,"comment_status":"closed","ping_status":"closed","template":"","meta":{"footnotes":""},"class_list":["post-165","page","type-page","status-publish","has-post-thumbnail","hentry"],"_links":{"self":[{"href":"https:\/\/daho.one\/index.php?rest_route=\/wp\/v2\/pages\/165","targetHints":{"allow":["GET"]}}],"collection":[{"href":"https:\/\/daho.one\/index.php?rest_route=\/wp\/v2\/pages"}],"about":[{"href":"https:\/\/daho.one\/index.php?rest_route=\/wp\/v2\/types\/page"}],"author":[{"embeddable":true,"href":"https:\/\/daho.one\/index.php?rest_route=\/wp\/v2\/users\/1"}],"replies":[{"embeddable":true,"href":"https:\/\/daho.one\/index.php?rest_route=%2Fwp%2Fv2%2Fcomments&post=165"}],"version-history":[{"count":0,"href":"https:\/\/daho.one\/index.php?rest_route=\/wp\/v2\/pages\/165\/revisions"}],"up":[{"embeddable":true,"href":"https:\/\/daho.one\/index.php?rest_route=\/wp\/v2\/pages\/257"}],"wp:featuredmedia":[{"embeddable":true,"href":"https:\/\/daho.one\/index.php?rest_route=\/wp\/v2\/media\/115"}],"wp:attachment":[{"href":"https:\/\/daho.one\/index.php?rest_route=%2Fwp%2Fv2%2Fmedia&parent=165"}],"curies":[{"name":"wp","href":"https:\/\/api.w.org\/{rel}","templated":true}]}}