{"id":159,"date":"2017-11-03T12:38:59","date_gmt":"2017-11-03T16:38:59","guid":{"rendered":"http:\/\/www.daho.one\/?page_id=159"},"modified":"2017-11-03T12:38:59","modified_gmt":"2017-11-03T16:38:59","slug":"press-book","status":"publish","type":"page","link":"https:\/\/daho.one\/?page_id=159","title":{"rendered":"Press Book"},"content":{"rendered":"<p><a href=\"http:\/\/www.lapresse.ca\/international\/dossiers\/seisme-en-haiti\/la-presse-en-haiti\/201001\/17\/01-940137-sur-le-chemin-du-retour.php\">Sur le chemin du retour<\/a>,\u00a0Des Canadiens sont rapatri\u00e9s de Port-au-Prince \u00e0 Montr\u00e9al. En cas de turbulences dans l&rsquo;avion Hercules, on s&rsquo;accroche aux filets.<\/p>\n<ul>\n<li><em>par Chantal Guy\/La Presse<\/em><\/li>\n<li><strong>Publi\u00e9 le 18 janvier 2010 \u00e0 05h00<\/strong>\u00a0<span class=\"quiet\">|<\/span>\u00a0Mis \u00e0 jour le 18 janvier 2010 \u00e0 07h31<\/li>\n<\/ul>\n","protected":false},"excerpt":{"rendered":"<p>Sur le chemin du retour,\u00a0Des Canadiens sont rapatri\u00e9s de Port-au-Prince \u00e0 Montr\u00e9al. En cas de turbulences dans l&rsquo;avion Hercules, on s&rsquo;accroche aux filets. par Chantal Guy\/La Presse Publi\u00e9 le 18 janvier 2010 \u00e0 05h00\u00a0|\u00a0Mis \u00e0 jour le 18 janvier 2010&#8230; <\/p>\n","protected":false},"author":1,"featured_media":115,"parent":0,"menu_order":0,"comment_status":"closed","ping_status":"closed","template":"","meta":{"footnotes":""},"class_list":["post-159","page","type-page","status-publish","has-post-thumbnail","hentry"],"_links":{"self":[{"href":"https:\/\/daho.one\/index.php?rest_route=\/wp\/v2\/pages\/159","targetHints":{"allow":["GET"]}}],"collection":[{"href":"https:\/\/daho.one\/index.php?rest_route=\/wp\/v2\/pages"}],"about":[{"href":"https:\/\/daho.one\/index.php?rest_route=\/wp\/v2\/types\/page"}],"author":[{"embeddable":true,"href":"https:\/\/daho.one\/index.php?rest_route=\/wp\/v2\/users\/1"}],"replies":[{"embeddable":true,"href":"https:\/\/daho.one\/index.php?rest_route=%2Fwp%2Fv2%2Fcomments&post=159"}],"version-history":[{"count":0,"href":"https:\/\/daho.one\/index.php?rest_route=\/wp\/v2\/pages\/159\/revisions"}],"wp:featuredmedia":[{"embeddable":true,"href":"https:\/\/daho.one\/index.php?rest_route=\/wp\/v2\/media\/115"}],"wp:attachment":[{"href":"https:\/\/daho.one\/index.php?rest_route=%2Fwp%2Fv2%2Fmedia&parent=159"}],"curies":[{"name":"wp","href":"https:\/\/api.w.org\/{rel}","templated":true}]}}